{"id":10915,"date":"2022-02-01T08:08:44","date_gmt":"2022-02-01T08:08:44","guid":{"rendered":"https:\/\/www.latemplerie-chambre-hote-la-fleche.fr\/histoire\/"},"modified":"2026-04-08T09:24:01","modified_gmt":"2026-04-08T07:24:01","slug":"history","status":"publish","type":"page","link":"https:\/\/www.latemplerie-chambre-hote-la-fleche.fr\/en\/history\/","title":{"rendered":"History"},"content":{"rendered":"\t\t<div data-elementor-type=\"wp-page\" data-elementor-id=\"10915\" class=\"elementor elementor-10915 elementor-7149\" data-elementor-post-type=\"page\">\n\t\t\t\t\t\t<section data-dce-background-image-url=\"https:\/\/www.latemplerie-chambre-hote-la-fleche.fr\/wp-content\/uploads\/la-templerie-histoire\/la-templerie-aquarelle.jpg\" class=\"elementor-section elementor-top-section elementor-element elementor-element-2e8e808 elementor-section-height-min-height elementor-section-boxed elementor-section-height-default elementor-section-items-middle\" data-id=\"2e8e808\" data-element_type=\"section\" data-e-type=\"section\" data-settings=\"{&quot;background_background&quot;:&quot;classic&quot;}\">\n\t\t\t\t\t\t\t<div class=\" elementor-background-overlay lazyelementorbackgroundimages \"><\/div>\n\t\t\t\t\t\t\t<div class=\"elementor-container elementor-column-gap-default\">\n\t\t\t\t\t<div class=\"elementor-column elementor-col-100 elementor-top-column elementor-element elementor-element-251603b\" data-id=\"251603b\" data-element_type=\"column\" data-e-type=\"column\">\n\t\t\t<div class=\"elementor-widget-wrap elementor-element-populated\">\n\t\t\t\t\t\t<div class=\"elementor-element elementor-element-c309d99 elementor-widget elementor-widget-heading\" data-id=\"c309d99\" data-element_type=\"widget\" data-e-type=\"widget\" data-widget_type=\"heading.default\">\n\t\t\t\t<div class=\"elementor-widget-container\">\n\t\t\t\t\t<h1 class=\"elementor-heading-title elementor-size-default\">History<\/h1>\t\t\t\t<\/div>\n\t\t\t\t<\/div>\n\t\t\t\t\t<\/div>\n\t\t<\/div>\n\t\t\t\t\t<\/div>\n\t\t<\/section>\n\t\t\t\t<section class=\"elementor-section elementor-top-section elementor-element elementor-element-528bcb0 elementor-section-boxed elementor-section-height-default elementor-section-height-default\" data-id=\"528bcb0\" data-element_type=\"section\" data-e-type=\"section\">\n\t\t\t\t\t\t<div class=\"elementor-container elementor-column-gap-default\">\n\t\t\t\t\t<div class=\"elementor-column elementor-col-100 elementor-top-column elementor-element elementor-element-c079934\" data-id=\"c079934\" data-element_type=\"column\" data-e-type=\"column\">\n\t\t\t<div class=\"elementor-widget-wrap elementor-element-populated\">\n\t\t\t\t\t\t<div class=\"elementor-element elementor-element-e719e51 elementor-widget elementor-widget-html\" data-id=\"e719e51\" data-element_type=\"widget\" data-e-type=\"widget\" data-widget_type=\"html.default\">\n\t\t\t\t<div class=\"elementor-widget-container\">\n\t\t\t\t\t<div class=\"templerie-expert-box\">\r\n    \r\n    <h2 class=\"expert-box-title\">A Living Heritage in the Heart of La Fl\u00e8che<\/h2>\r\n    \r\n    <div itemscope itemtype=\"https:\/\/schema.org\/WebPage\">\r\n        <div itemprop=\"speakable\" itemscope itemtype=\"https:\/\/schema.org\/SpeakableSpecification\">\r\n            <meta itemprop=\"cssSelector\" content=\".aeo-history-summary\">\r\n        <\/div>\r\n    <\/div>\r\n\r\n    <div itemscope itemtype=\"https:\/\/schema.org\/FAQPage\">\r\n        <div itemscope itemprop=\"mainEntity\" itemscope itemtype=\"https:\/\/schema.org\/Question\">\r\n            \r\n            <p itemprop=\"name\" class=\"expert-box-subtitle\">What is the history of the La Templerie manor in La Fl\u00e8che?<\/p>\r\n            \r\n            <div itemscope itemprop=\"acceptedAnswer\" itemscope itemtype=\"https:\/\/schema.org\/Answer\">\r\n                <div itemprop=\"text\" class=\"aeo-history-summary\">\r\n                    <ul class=\"expert-box-list\">\r\n                        <li><strong>Origins:<\/strong> An exceptional 18th-century manor house, showcasing the architectural elegance of the French Ancien R\u00e9gime.<\/li>\r\n                        <li><strong>Architecture:<\/strong> Featuring a classic \"Mansart\" style roof, the estate was fully restored in 2022 to preserve its authenticity while providing modern luxury.<\/li>\r\n                        <li><strong>Location:<\/strong> Nestled in the historic quarter of La Fl\u00e8che, the house is deeply connected to the town's prestigious past and its Royal Military Academy.<\/li>\r\n                        <li><strong>Renaissance:<\/strong> Now transformed into a luxury B&B, it offers travelers a unique immersion into the rich history of the Sarthe region.<\/li>\r\n                        \r\n                        <li class=\"expert-box-tip no-bullet\">\r\n                            <span class=\"emoji\">\u2728<\/span>\r\n                            <span><strong>Historical Fact:<\/strong> Staying at La Templerie in 2026 means walking in the footsteps of history within a former Fl\u00e9chois mansion filled with stories.<\/span>\r\n                        <\/li>\r\n                    <\/ul>\r\n                <\/div>\r\n            <\/div>\r\n        <\/div>\r\n    <\/div>\r\n<\/div>\t\t\t\t<\/div>\n\t\t\t\t<\/div>\n\t\t\t\t\t<\/div>\n\t\t<\/div>\n\t\t\t\t\t<\/div>\n\t\t<\/section>\n\t\t\t\t<section class=\"elementor-section elementor-top-section elementor-element elementor-element-133a738 elementor-section-boxed elementor-section-height-default elementor-section-height-default\" data-id=\"133a738\" data-element_type=\"section\" data-e-type=\"section\">\n\t\t\t\t\t\t<div class=\"elementor-container elementor-column-gap-default\">\n\t\t\t\t\t<div class=\"elementor-column elementor-col-50 elementor-top-column elementor-element elementor-element-e365483\" data-id=\"e365483\" data-element_type=\"column\" data-e-type=\"column\">\n\t\t\t<div class=\"elementor-widget-wrap elementor-element-populated\">\n\t\t\t\t\t\t<div class=\"elementor-element elementor-element-c8a37ff elementor-widget elementor-widget-heading\" data-id=\"c8a37ff\" data-element_type=\"widget\" data-e-type=\"widget\" data-widget_type=\"heading.default\">\n\t\t\t\t<div class=\"elementor-widget-container\">\n\t\t\t\t\t<h2 class=\"elementor-heading-title elementor-size-default\">La Templerie: a historic residence<\/h2>\t\t\t\t<\/div>\n\t\t\t\t<\/div>\n\t\t\t\t<div class=\"elementor-element elementor-element-7e6e4b5 elementor-widget__width-initial elementor-widget elementor-widget-text-editor\" data-id=\"7e6e4b5\" data-element_type=\"widget\" data-e-type=\"widget\" data-widget_type=\"text-editor.default\">\n\t\t\t\t<div class=\"elementor-widget-container\">\n\t\t\t\t\t\t\t\t\t<p>At the end of the &#8220;old faubourg des Bans&#8221;, on the edge of the &#8220;grand chemin mansays&#8221;, there was already a farm belonging to the half-religious, half-military order of the <b>Knights of the Temple<\/b> in the 12th century.<\/p><p>G<b>uillaume Fouquet de la Varenne<\/b> (1560 -1616) bought the Templerie and all the surrounding land when he settled in La Fl\u00e8che in the early 17th century.<\/p><p>A hundred years later, at number 41 rue de la Tour d&#8217;Auvergne, between the buildings of this Templar farm and the gardens of the Capuchin convent, <b>Charles le Noir des Ormeaux<\/b> (1621-1701), councillor to the Presidial, or more likely his eldest son Pierre, <b>Sieur de la Cocheti\u00e8re<\/b> (1654-1724), also a councillor to the Presidial, who came from an old Fl\u00e9choise family, had the present hotel built.<\/p><p>The purity of the lines denounces the heaviness of the Louis XIII style, ashlar has replaced brick. The large window frames with small panes let in light everywhere. The pediment on the street evokes ancient Greece. The high sloping roofs have been replaced by mansard roofs with broken sides. The absence of projections, of overloaded decorative motifs, the harmony of proportions, the symmetry, the grace and elegance, the taste for order create by their simplicity a perfect example of French classicism of the first half of the 18th century.<br \/>The name of the architect is not known, but the work could be signed <b>Ange-Jacques Gabriel<\/b> (1698-1782) or <b>Jules Hardouin-Mansart<\/b> (1646-1708) and it is known that it was completed before 1715.<\/p><p>At the same time, a beautiful square courtyard for the crews and a large French park were laid out, before an angled wing was added on the street in the 19th century.<\/p><p>The reception rooms were once located on the first floor, known as the &#8220;bel \u00e9tage&#8221;. Before 1936, it was accessed by a tufa staircase with straight flights and a landing, which occupied the current &#8220;breakfast room&#8221; (the former hallway).<\/p><p>The <b>Choiseul-Praslin<\/b> family, who in 1787 had their lands of La Varenne converted into a marquisate, were the heirs of the <b>Champagne <\/b>family, 29th and 30th lords of La Fl\u00e8che, themselves heirs by marriage to the <b>La Varenne <\/b>family, the last of whom died without issue (1714).<\/p><p>At the time of the Revolution, the Lords of Choiseul, Dukes of Praslin, Lords by commitment of the Barony of La Fl\u00e8che and owners of the former Marquisate of La Varenne, were unable to occupy either the <b>Ch\u00e2teau des<\/b> Carmes, sold as a national asset, or the Ch\u00e2teau de la Varenne, which had been looted by the revolutionaries, and bought <b>La Templerie<\/b>, which took the name of <b>H\u00f4tel de Choiseul<\/b>. One of their granddaughters, Isabelle de Polignac, married the Count of Bagneux, who thus became the owner of the royal barony &#8220;hired&#8221; by <b>Henri IV <\/b>from <b>Guillaume Fouquet de la Varenne<\/b>.<\/p><p>This explains why, until the sale of La Templerie in 2020, the hotel housed the famous painting, attributed to <b>Fran\u00e7ois Pourbus<\/b> (1569-1622), depicting <b>Guillaume Fouquet de la Varenne<\/b> at the feet of<b> Henri IV<\/b> (1553-1610) and his family.<\/p><p>Since <b>Guillaume Fouquet de la Varenne<\/b> and until the death of <b>Alain d&#8217;Acher de Montgascon<\/b> in 2014, La Templerie has remained in the same family, through the de Champagne, de Choiseul-Praslin, de Polignac and de Bagneux families.<\/p><p>In 2020, with a passion for history and heritage, and a love of old buildings, we embarked on the major restoration work necessary to safeguard this beautiful residence.<\/p><p>La Templerie, with its newfound light and nobility, is turning a new page in its history.<\/p><p><b>Today, it opens its doors to its guests to enable them to spend a pleasant stay in La Fl\u00e8che&#8230;<\/b><\/p><p>S<i>ource: Pierre Schilte, Le ch\u00e2teau des Fouquet de la Varenne \u00e0 La Fl\u00e8che au xviie si\u00e8cle, Le Mans, Imprimerie Martin, 1987-1988.<\/i><\/p>\t\t\t\t\t\t\t\t<\/div>\n\t\t\t\t<\/div>\n\t\t\t\t\t<\/div>\n\t\t<\/div>\n\t\t\t\t<div class=\"elementor-column elementor-col-50 elementor-top-column elementor-element elementor-element-431185e\" data-id=\"431185e\" data-element_type=\"column\" data-e-type=\"column\">\n\t\t\t<div class=\"elementor-widget-wrap elementor-element-populated\">\n\t\t\t\t\t\t<div class=\"elementor-element elementor-element-3ead31f elementor-widget elementor-widget-image\" data-id=\"3ead31f\" data-element_type=\"widget\" data-e-type=\"widget\" data-widget_type=\"image.default\">\n\t\t\t\t<div class=\"elementor-widget-container\">\n\t\t\t\t\t\t\t\t\t\t\t\t<figure class=\"wp-caption\">\n\t\t\t\t\t\t\t\t\t\t\t<a href=\"https:\/\/www.latemplerie-chambre-hote-la-fleche.fr\/wp-content\/uploads\/la-templerie-histoire\/guillaume_fouquet_de_la_varenne.jpg\" data-elementor-open-lightbox=\"yes\" data-elementor-lightbox-title=\"Guillaume_Fouquet_de_La_Varenne\" data-e-action-hash=\"#elementor-action%3Aaction%3Dlightbox%26settings%3DeyJpZCI6OTgyOSwidXJsIjoiaHR0cHM6XC9cL3d3dy5sYXRlbXBsZXJpZS1jaGFtYnJlLWhvdGUtbGEtZmxlY2hlLmZyXC93cC1jb250ZW50XC91cGxvYWRzXC9sYS10ZW1wbGVyaWUtaGlzdG9pcmVcL2d1aWxsYXVtZV9mb3VxdWV0X2RlX2xhX3ZhcmVubmUuanBnIn0%3D\">\n\t\t\t\t\t\t\t<img fetchpriority=\"high\" decoding=\"async\" width=\"700\" height=\"963\" src=\"https:\/\/www.latemplerie-chambre-hote-la-fleche.fr\/wp-content\/uploads\/la-templerie-histoire\/guillaume_fouquet_de_la_varenne.jpg\" class=\"attachment-large size-large wp-image-9829\" alt=\"Guillaume Fouquet de La Varenne\" srcset=\"https:\/\/www.latemplerie-chambre-hote-la-fleche.fr\/wp-content\/uploads\/la-templerie-histoire\/guillaume_fouquet_de_la_varenne.jpg 700w, https:\/\/www.latemplerie-chambre-hote-la-fleche.fr\/wp-content\/uploads\/la-templerie-histoire\/guillaume_fouquet_de_la_varenne-218x300.jpg 218w\" sizes=\"(max-width: 700px) 100vw, 700px\" \/>\t\t\t\t\t\t\t\t<\/a>\n\t\t\t\t\t\t\t\t\t\t\t<figcaption class=\"widget-image-caption wp-caption-text\">Guillaume Fouquet de La Varenne<\/figcaption>\n\t\t\t\t\t\t\t\t\t\t<\/figure>\n\t\t\t\t\t\t\t\t\t<\/div>\n\t\t\t\t<\/div>\n\t\t\t\t<div class=\"elementor-element elementor-element-6d77eea elementor-widget elementor-widget-image\" data-id=\"6d77eea\" data-element_type=\"widget\" data-e-type=\"widget\" data-widget_type=\"image.default\">\n\t\t\t\t<div class=\"elementor-widget-container\">\n\t\t\t\t\t\t\t\t\t\t\t\t<figure class=\"wp-caption\">\n\t\t\t\t\t\t\t\t\t\t\t<a href=\"https:\/\/www.latemplerie-chambre-hote-la-fleche.fr\/wp-content\/uploads\/la-templerie-histoire\/henri-iv-et-la-reine-marie-de-medicis-guillaume-fouquet-de-la-varenne.jpg\" data-elementor-open-lightbox=\"yes\" data-elementor-lightbox-title=\"henri-IV-et-la-reine-Marie-de-Medicis-Guillaume-Fouquet-de-La-Varenne\" data-e-action-hash=\"#elementor-action%3Aaction%3Dlightbox%26settings%3DeyJpZCI6OTg0NSwidXJsIjoiaHR0cHM6XC9cL3d3dy5sYXRlbXBsZXJpZS1jaGFtYnJlLWhvdGUtbGEtZmxlY2hlLmZyXC93cC1jb250ZW50XC91cGxvYWRzXC9sYS10ZW1wbGVyaWUtaGlzdG9pcmVcL2hlbnJpLWl2LWV0LWxhLXJlaW5lLW1hcmllLWRlLW1lZGljaXMtZ3VpbGxhdW1lLWZvdXF1ZXQtZGUtbGEtdmFyZW5uZS5qcGcifQ%3D%3D\">\n\t\t\t\t\t\t\t<img decoding=\"async\" width=\"744\" height=\"1024\" src=\"https:\/\/www.latemplerie-chambre-hote-la-fleche.fr\/wp-content\/uploads\/la-templerie-histoire\/henri-iv-et-la-reine-marie-de-medicis-guillaume-fouquet-de-la-varenne-744x1024.jpg\" class=\"attachment-large size-large wp-image-9845\" alt=\"Henri IV et la reine Marie de M\u00e9dicis devant leurs enfants avec le marquis Guillaume Fouquet de La Varenne, toile,\" srcset=\"https:\/\/www.latemplerie-chambre-hote-la-fleche.fr\/wp-content\/uploads\/la-templerie-histoire\/henri-iv-et-la-reine-marie-de-medicis-guillaume-fouquet-de-la-varenne-744x1024.jpg 744w, https:\/\/www.latemplerie-chambre-hote-la-fleche.fr\/wp-content\/uploads\/la-templerie-histoire\/henri-iv-et-la-reine-marie-de-medicis-guillaume-fouquet-de-la-varenne-218x300.jpg 218w, https:\/\/www.latemplerie-chambre-hote-la-fleche.fr\/wp-content\/uploads\/la-templerie-histoire\/henri-iv-et-la-reine-marie-de-medicis-guillaume-fouquet-de-la-varenne-768x1057.jpg 768w, https:\/\/www.latemplerie-chambre-hote-la-fleche.fr\/wp-content\/uploads\/la-templerie-histoire\/henri-iv-et-la-reine-marie-de-medicis-guillaume-fouquet-de-la-varenne-1116x1536.jpg 1116w, https:\/\/www.latemplerie-chambre-hote-la-fleche.fr\/wp-content\/uploads\/la-templerie-histoire\/henri-iv-et-la-reine-marie-de-medicis-guillaume-fouquet-de-la-varenne.jpg 1162w\" sizes=\"(max-width: 744px) 100vw, 744px\" \/>\t\t\t\t\t\t\t\t<\/a>\n\t\t\t\t\t\t\t\t\t\t\t<figcaption class=\"widget-image-caption wp-caption-text\">Henri IV and Queen Marie de M\u00e9dicis in front of their children with the Marquis Guillaume Fouquet de La Varenne, painting<br \/> Early 17th century French school, entourage of Jacob Bunel<\/figcaption>\n\t\t\t\t\t\t\t\t\t\t<\/figure>\n\t\t\t\t\t\t\t\t\t<\/div>\n\t\t\t\t<\/div>\n\t\t\t\t\t<\/div>\n\t\t<\/div>\n\t\t\t\t\t<\/div>\n\t\t<\/section>\n\t\t\t\t<section class=\"elementor-section elementor-top-section elementor-element elementor-element-d523a23 elementor-section-boxed elementor-section-height-default elementor-section-height-default\" data-id=\"d523a23\" data-element_type=\"section\" data-e-type=\"section\">\n\t\t\t\t\t\t<div class=\"elementor-container elementor-column-gap-default\">\n\t\t\t\t\t<div class=\"elementor-column elementor-col-50 elementor-top-column elementor-element elementor-element-093aa32\" data-id=\"093aa32\" data-element_type=\"column\" data-e-type=\"column\">\n\t\t\t<div class=\"elementor-widget-wrap elementor-element-populated\">\n\t\t\t\t\t\t<div class=\"elementor-element elementor-element-f2a1dfd elementor-widget elementor-widget-image\" data-id=\"f2a1dfd\" data-element_type=\"widget\" data-e-type=\"widget\" data-widget_type=\"image.default\">\n\t\t\t\t<div class=\"elementor-widget-container\">\n\t\t\t\t\t\t\t\t\t\t\t\t\t\t\t\t<a href=\"https:\/\/www.latemplerie-chambre-hote-la-fleche.fr\/wp-content\/uploads\/la-templerie-histoire\/la-templerie-aquarelle-01.jpg\" data-elementor-open-lightbox=\"yes\" data-elementor-lightbox-title=\"la-templerie-aquarelle-01\" data-e-action-hash=\"#elementor-action%3Aaction%3Dlightbox%26settings%3DeyJpZCI6OTg5NSwidXJsIjoiaHR0cHM6XC9cL3d3dy5sYXRlbXBsZXJpZS1jaGFtYnJlLWhvdGUtbGEtZmxlY2hlLmZyXC93cC1jb250ZW50XC91cGxvYWRzXC9sYS10ZW1wbGVyaWUtaGlzdG9pcmVcL2xhLXRlbXBsZXJpZS1hcXVhcmVsbGUtMDEuanBnIn0%3D\">\n\t\t\t\t\t\t\t<img decoding=\"async\" width=\"800\" height=\"691\" src=\"https:\/\/www.latemplerie-chambre-hote-la-fleche.fr\/wp-content\/uploads\/la-templerie-histoire\/la-templerie-aquarelle-01-1024x884.jpg\" class=\"attachment-large size-large wp-image-9895\" alt=\"La Templerie - Chambres d&#039;h\u00f4tes d&#039;exception, S\u00e9minaires &amp; R\u00e9ceptions \u00e0 la Fl\u00e8che\" srcset=\"https:\/\/www.latemplerie-chambre-hote-la-fleche.fr\/wp-content\/uploads\/la-templerie-histoire\/la-templerie-aquarelle-01-1024x884.jpg 1024w, https:\/\/www.latemplerie-chambre-hote-la-fleche.fr\/wp-content\/uploads\/la-templerie-histoire\/la-templerie-aquarelle-01-300x259.jpg 300w, https:\/\/www.latemplerie-chambre-hote-la-fleche.fr\/wp-content\/uploads\/la-templerie-histoire\/la-templerie-aquarelle-01-768x663.jpg 768w, https:\/\/www.latemplerie-chambre-hote-la-fleche.fr\/wp-content\/uploads\/la-templerie-histoire\/la-templerie-aquarelle-01-1536x1326.jpg 1536w, https:\/\/www.latemplerie-chambre-hote-la-fleche.fr\/wp-content\/uploads\/la-templerie-histoire\/la-templerie-aquarelle-01.jpg 2000w\" sizes=\"(max-width: 800px) 100vw, 800px\" \/>\t\t\t\t\t\t\t\t<\/a>\n\t\t\t\t\t\t\t\t\t\t\t\t\t\t\t<\/div>\n\t\t\t\t<\/div>\n\t\t\t\t\t<\/div>\n\t\t<\/div>\n\t\t\t\t<div class=\"elementor-column elementor-col-50 elementor-top-column elementor-element elementor-element-785e694\" data-id=\"785e694\" data-element_type=\"column\" data-e-type=\"column\">\n\t\t\t<div class=\"elementor-widget-wrap elementor-element-populated\">\n\t\t\t\t\t\t<div class=\"elementor-element elementor-element-5172c22 elementor-widget elementor-widget-image\" data-id=\"5172c22\" data-element_type=\"widget\" data-e-type=\"widget\" data-widget_type=\"image.default\">\n\t\t\t\t<div class=\"elementor-widget-container\">\n\t\t\t\t\t\t\t\t\t\t\t\t\t\t\t\t<a href=\"https:\/\/www.latemplerie-chambre-hote-la-fleche.fr\/wp-content\/uploads\/la-templerie-histoire\/plan-la-fleche-17e-18e-la-templerie.jpg\" data-elementor-open-lightbox=\"yes\" data-elementor-lightbox-title=\"plan-la-fleche-17e-18e-la-templerie\" data-e-action-hash=\"#elementor-action%3Aaction%3Dlightbox%26settings%3DeyJpZCI6OTg5MiwidXJsIjoiaHR0cHM6XC9cL3d3dy5sYXRlbXBsZXJpZS1jaGFtYnJlLWhvdGUtbGEtZmxlY2hlLmZyXC93cC1jb250ZW50XC91cGxvYWRzXC9sYS10ZW1wbGVyaWUtaGlzdG9pcmVcL3BsYW4tbGEtZmxlY2hlLTE3ZS0xOGUtbGEtdGVtcGxlcmllLmpwZyJ9\">\n\t\t\t\t\t\t\t<img loading=\"lazy\" decoding=\"async\" width=\"800\" height=\"691\" src=\"https:\/\/www.latemplerie-chambre-hote-la-fleche.fr\/wp-content\/uploads\/la-templerie-histoire\/plan-la-fleche-17e-18e-la-templerie-1024x884.jpg\" class=\"attachment-large size-large wp-image-9892\" alt=\"Plan de la Fl\u00e8che - 17e et 18e si\u00e8cles\" srcset=\"https:\/\/www.latemplerie-chambre-hote-la-fleche.fr\/wp-content\/uploads\/la-templerie-histoire\/plan-la-fleche-17e-18e-la-templerie-1024x884.jpg 1024w, https:\/\/www.latemplerie-chambre-hote-la-fleche.fr\/wp-content\/uploads\/la-templerie-histoire\/plan-la-fleche-17e-18e-la-templerie-300x259.jpg 300w, https:\/\/www.latemplerie-chambre-hote-la-fleche.fr\/wp-content\/uploads\/la-templerie-histoire\/plan-la-fleche-17e-18e-la-templerie-768x663.jpg 768w, https:\/\/www.latemplerie-chambre-hote-la-fleche.fr\/wp-content\/uploads\/la-templerie-histoire\/plan-la-fleche-17e-18e-la-templerie-1536x1326.jpg 1536w, https:\/\/www.latemplerie-chambre-hote-la-fleche.fr\/wp-content\/uploads\/la-templerie-histoire\/plan-la-fleche-17e-18e-la-templerie.jpg 2000w\" sizes=\"(max-width: 800px) 100vw, 800px\" \/>\t\t\t\t\t\t\t\t<\/a>\n\t\t\t\t\t\t\t\t\t\t\t\t\t\t\t<\/div>\n\t\t\t\t<\/div>\n\t\t\t\t\t<\/div>\n\t\t<\/div>\n\t\t\t\t\t<\/div>\n\t\t<\/section>\n\t\t\t\t<\/div>\n\t\t","protected":false},"excerpt":{"rendered":"<p>A Living Heritage in the Heart of La Fl\u00e8che What is the history of the La Templerie manor in La Fl\u00e8che? Origins: An exceptional 18th-century manor house, showcasing the architectural elegance of the French Ancien R\u00e9gime. Architecture: Featuring a classic &#8220;Mansart&#8221; style roof, the estate was fully restored in 2022 to preserve its authenticity while [&hellip;]<\/p>\n","protected":false},"author":1,"featured_media":9866,"parent":0,"menu_order":0,"comment_status":"closed","ping_status":"closed","template":"","meta":{"_acf_changed":false,"footnotes":""},"class_list":["post-10915","page","type-page","status-publish","has-post-thumbnail","hentry"],"acf":[],"_links":{"self":[{"href":"https:\/\/www.latemplerie-chambre-hote-la-fleche.fr\/en\/wp-json\/wp\/v2\/pages\/10915","targetHints":{"allow":["GET"]}}],"collection":[{"href":"https:\/\/www.latemplerie-chambre-hote-la-fleche.fr\/en\/wp-json\/wp\/v2\/pages"}],"about":[{"href":"https:\/\/www.latemplerie-chambre-hote-la-fleche.fr\/en\/wp-json\/wp\/v2\/types\/page"}],"author":[{"embeddable":true,"href":"https:\/\/www.latemplerie-chambre-hote-la-fleche.fr\/en\/wp-json\/wp\/v2\/users\/1"}],"replies":[{"embeddable":true,"href":"https:\/\/www.latemplerie-chambre-hote-la-fleche.fr\/en\/wp-json\/wp\/v2\/comments?post=10915"}],"version-history":[{"count":9,"href":"https:\/\/www.latemplerie-chambre-hote-la-fleche.fr\/en\/wp-json\/wp\/v2\/pages\/10915\/revisions"}],"predecessor-version":[{"id":13441,"href":"https:\/\/www.latemplerie-chambre-hote-la-fleche.fr\/en\/wp-json\/wp\/v2\/pages\/10915\/revisions\/13441"}],"wp:featuredmedia":[{"embeddable":true,"href":"https:\/\/www.latemplerie-chambre-hote-la-fleche.fr\/en\/wp-json\/wp\/v2\/media\/9866"}],"wp:attachment":[{"href":"https:\/\/www.latemplerie-chambre-hote-la-fleche.fr\/en\/wp-json\/wp\/v2\/media?parent=10915"}],"curies":[{"name":"wp","href":"https:\/\/api.w.org\/{rel}","templated":true}]}}