{"id":11626,"date":"2023-04-18T22:02:31","date_gmt":"2023-04-18T20:02:31","guid":{"rendered":"https:\/\/www.latemplerie-chambre-hote-la-fleche.fr\/?page_id=11626"},"modified":"2026-04-04T23:41:43","modified_gmt":"2026-04-04T21:41:43","slug":"reservation-en-ligne","status":"publish","type":"page","link":"https:\/\/www.latemplerie-chambre-hote-la-fleche.fr\/fr\/reservation-en-ligne\/","title":{"rendered":"R\u00e9servation en ligne"},"content":{"rendered":"\t\t<div data-elementor-type=\"wp-page\" data-elementor-id=\"11626\" class=\"elementor elementor-11626\" data-elementor-post-type=\"page\">\n\t\t\t\t\t\t<section data-dce-background-color=\"#F9F9F9\" class=\"elementor-section elementor-top-section elementor-element elementor-element-c09bc86 elementor-section-full_width elementor-section-height-default elementor-section-height-default\" data-id=\"c09bc86\" data-element_type=\"section\" data-e-type=\"section\" data-settings=\"{&quot;background_background&quot;:&quot;classic&quot;}\">\n\t\t\t\t\t\t<div class=\"elementor-container elementor-column-gap-default\">\n\t\t\t\t\t<div class=\"elementor-column elementor-col-100 elementor-top-column elementor-element elementor-element-2adbbfe\" data-id=\"2adbbfe\" data-element_type=\"column\" data-e-type=\"column\">\n\t\t\t<div class=\"elementor-widget-wrap elementor-element-populated\">\n\t\t\t\t\t\t<div class=\"elementor-element elementor-element-667ab38 elementor-widget elementor-widget-dce-iframe\" data-id=\"667ab38\" data-element_type=\"widget\" data-e-type=\"widget\" data-widget_type=\"dce-iframe.default\">\n\t\t\t\t<div class=\"elementor-widget-container\">\n\t\t\t\t\t\t\t<iframe src=\"https:\/\/la-templerie.amenitiz.io\/fr\/booking\/room\" frameborder=\"0\" width=\"100%\" height=\"1500\" allowfullscreen=\"true\"><\/iframe>\n\t\t\t\t\t\t<\/div>\n\t\t\t\t<\/div>\n\t\t\t\t\t<\/div>\n\t\t<\/div>\n\t\t\t\t\t<\/div>\n\t\t<\/section>\n\t\t\t\t<section class=\"elementor-section elementor-top-section elementor-element elementor-element-aa16948 elementor-section-boxed elementor-section-height-default elementor-section-height-default\" data-id=\"aa16948\" data-element_type=\"section\" data-e-type=\"section\">\n\t\t\t\t\t\t<div class=\"elementor-container elementor-column-gap-default\">\n\t\t\t\t\t<div class=\"elementor-column elementor-col-100 elementor-top-column elementor-element elementor-element-b77d1b6\" data-id=\"b77d1b6\" data-element_type=\"column\" data-e-type=\"column\">\n\t\t\t<div class=\"elementor-widget-wrap elementor-element-populated\">\n\t\t\t\t\t\t<div class=\"elementor-element elementor-element-8a4d367 elementor-button-warning elementor-align-center elementor-widget elementor-widget-button\" data-id=\"8a4d367\" data-element_type=\"widget\" data-e-type=\"widget\" data-widget_type=\"button.default\">\n\t\t\t\t<div class=\"elementor-widget-container\">\n\t\t\t\t\t\t\t\t\t<div class=\"elementor-button-wrapper\">\n\t\t\t\t\t<a class=\"elementor-button elementor-button-link elementor-size-lg\" href=\"https:\/\/la-templerie.amenitiz.io\/fr\/booking\/room\" target=\"_blank\">\n\t\t\t\t\t\t<span class=\"elementor-button-content-wrapper\">\n\t\t\t\t\t\t\t\t\t<span class=\"elementor-button-text\">Si le moteur de r\u00e9servation ne s'affiche pas, cliquez ici  \ud83d\ude09<\/span>\n\t\t\t\t\t<\/span>\n\t\t\t\t\t<\/a>\n\t\t\t\t<\/div>\n\t\t\t\t\t\t\t\t<\/div>\n\t\t\t\t<\/div>\n\t\t\t\t<div class=\"elementor-element elementor-element-15b8a12 elementor-widget elementor-widget-heading\" data-id=\"15b8a12\" data-element_type=\"widget\" data-e-type=\"widget\" data-widget_type=\"heading.default\">\n\t\t\t\t<div class=\"elementor-widget-container\">\n\t\t\t\t\t<h1 class=\"elementor-heading-title elementor-size-xl\">Une question ou un besoin sp\u00e9cifique ?<\/h1>\t\t\t\t<\/div>\n\t\t\t\t<\/div>\n\t\t\t\t<div class=\"elementor-element elementor-element-fd14d2e elementor-widget elementor-widget-text-editor\" data-id=\"fd14d2e\" data-element_type=\"widget\" data-e-type=\"widget\" data-widget_type=\"text-editor.default\">\n\t\t\t\t<div class=\"elementor-widget-container\">\n\t\t\t\t\t\t\t\t\t<p>Pour toute question ou besoin sp\u00e9cifique, ou pour faire une demande de devis pour votre \u00e9v\u00e9nement, n\u2019h\u00e9sitez pas nous contacter directement par t\u00e9l\u00e9phone ou \u00e0\u00a0<a href=\"https:\/\/www.latemplerie-chambre-hote-la-fleche.fr\/fr\/contact\/#contact\">remplir le formulaire de contact<\/a>.<\/p>\t\t\t\t\t\t\t\t<\/div>\n\t\t\t\t<\/div>\n\t\t\t\t\t<\/div>\n\t\t<\/div>\n\t\t\t\t\t<\/div>\n\t\t<\/section>\n\t\t\t\t<\/div>\n\t\t","protected":false},"excerpt":{"rendered":"<p>R\u00e9server votre chambre \u00e0 La Templerie, chambre d&rsquo;h\u00f4tes de luxe \u00e0 La Fl\u00e8che.<\/p>\n","protected":false},"author":1,"featured_media":9865,"parent":0,"menu_order":0,"comment_status":"closed","ping_status":"closed","template":"","meta":{"_acf_changed":false,"footnotes":""},"class_list":["post-11626","page","type-page","status-publish","has-post-thumbnail","hentry"],"acf":[],"_links":{"self":[{"href":"https:\/\/www.latemplerie-chambre-hote-la-fleche.fr\/fr\/wp-json\/wp\/v2\/pages\/11626","targetHints":{"allow":["GET"]}}],"collection":[{"href":"https:\/\/www.latemplerie-chambre-hote-la-fleche.fr\/fr\/wp-json\/wp\/v2\/pages"}],"about":[{"href":"https:\/\/www.latemplerie-chambre-hote-la-fleche.fr\/fr\/wp-json\/wp\/v2\/types\/page"}],"author":[{"embeddable":true,"href":"https:\/\/www.latemplerie-chambre-hote-la-fleche.fr\/fr\/wp-json\/wp\/v2\/users\/1"}],"replies":[{"embeddable":true,"href":"https:\/\/www.latemplerie-chambre-hote-la-fleche.fr\/fr\/wp-json\/wp\/v2\/comments?post=11626"}],"version-history":[{"count":41,"href":"https:\/\/www.latemplerie-chambre-hote-la-fleche.fr\/fr\/wp-json\/wp\/v2\/pages\/11626\/revisions"}],"predecessor-version":[{"id":11778,"href":"https:\/\/www.latemplerie-chambre-hote-la-fleche.fr\/fr\/wp-json\/wp\/v2\/pages\/11626\/revisions\/11778"}],"wp:featuredmedia":[{"embeddable":true,"href":"https:\/\/www.latemplerie-chambre-hote-la-fleche.fr\/fr\/wp-json\/wp\/v2\/media\/9865"}],"wp:attachment":[{"href":"https:\/\/www.latemplerie-chambre-hote-la-fleche.fr\/fr\/wp-json\/wp\/v2\/media?parent=11626"}],"curies":[{"name":"wp","href":"https:\/\/api.w.org\/{rel}","templated":true}]}}