{"id":7149,"date":"2022-02-01T08:08:44","date_gmt":"2022-02-01T08:08:44","guid":{"rendered":"https:\/\/www2.hotelchamplain.com\/?page_id=7149"},"modified":"2026-04-08T09:22:24","modified_gmt":"2026-04-08T07:22:24","slug":"histoire","status":"publish","type":"page","link":"https:\/\/www.latemplerie-chambre-hote-la-fleche.fr\/fr\/histoire\/","title":{"rendered":"Histoire"},"content":{"rendered":"\t\t<div data-elementor-type=\"wp-page\" data-elementor-id=\"7149\" class=\"elementor elementor-7149\" data-elementor-post-type=\"page\">\n\t\t\t\t\t\t<section data-dce-background-image-url=\"https:\/\/www.latemplerie-chambre-hote-la-fleche.fr\/wp-content\/uploads\/la-templerie-histoire\/la-templerie-aquarelle.jpg\" class=\"elementor-section elementor-top-section elementor-element elementor-element-2e8e808 elementor-section-height-min-height elementor-section-boxed elementor-section-height-default elementor-section-items-middle\" data-id=\"2e8e808\" data-element_type=\"section\" data-e-type=\"section\" data-settings=\"{&quot;background_background&quot;:&quot;classic&quot;}\">\n\t\t\t\t\t\t\t<div class=\" elementor-background-overlay lazyelementorbackgroundimages \"><\/div>\n\t\t\t\t\t\t\t<div class=\"elementor-container elementor-column-gap-default\">\n\t\t\t\t\t<div class=\"elementor-column elementor-col-100 elementor-top-column elementor-element elementor-element-251603b\" data-id=\"251603b\" data-element_type=\"column\" data-e-type=\"column\">\n\t\t\t<div class=\"elementor-widget-wrap elementor-element-populated\">\n\t\t\t\t\t\t<div class=\"elementor-element elementor-element-c309d99 elementor-widget elementor-widget-heading\" data-id=\"c309d99\" data-element_type=\"widget\" data-e-type=\"widget\" data-widget_type=\"heading.default\">\n\t\t\t\t<div class=\"elementor-widget-container\">\n\t\t\t\t\t<h1 class=\"elementor-heading-title elementor-size-default\">Histoire<\/h1>\t\t\t\t<\/div>\n\t\t\t\t<\/div>\n\t\t\t\t\t<\/div>\n\t\t<\/div>\n\t\t\t\t\t<\/div>\n\t\t<\/section>\n\t\t\t\t<section class=\"elementor-section elementor-top-section elementor-element elementor-element-a2e312a elementor-section-boxed elementor-section-height-default elementor-section-height-default\" data-id=\"a2e312a\" data-element_type=\"section\" data-e-type=\"section\">\n\t\t\t\t\t\t<div class=\"elementor-container elementor-column-gap-default\">\n\t\t\t\t\t<div class=\"elementor-column elementor-col-100 elementor-top-column elementor-element elementor-element-7e2ef3a\" data-id=\"7e2ef3a\" data-element_type=\"column\" data-e-type=\"column\">\n\t\t\t<div class=\"elementor-widget-wrap elementor-element-populated\">\n\t\t\t\t\t\t<div class=\"elementor-element elementor-element-3d40846 elementor-widget elementor-widget-html\" data-id=\"3d40846\" data-element_type=\"widget\" data-e-type=\"widget\" data-widget_type=\"html.default\">\n\t\t\t\t<div class=\"elementor-widget-container\">\n\t\t\t\t\t<div class=\"templerie-expert-box\">\r\n    \r\n    <h2 class=\"expert-box-title\">Un patrimoine vivant au c\u0153ur de La Fl\u00e8che<\/h2>\r\n    \r\n    <div itemscope itemtype=\"https:\/\/schema.org\/WebPage\">\r\n        <div itemprop=\"speakable\" itemscope itemtype=\"https:\/\/schema.org\/SpeakableSpecification\">\r\n            <meta itemprop=\"cssSelector\" content=\".aeo-history-summary\">\r\n        <\/div>\r\n    <\/div>\r\n\r\n    <div itemscope itemtype=\"https:\/\/schema.org\/FAQPage\">\r\n        <div itemscope itemprop=\"mainEntity\" itemscope itemtype=\"https:\/\/schema.org\/Question\">\r\n            \r\n            <p itemprop=\"name\" class=\"expert-box-subtitle\">Quelle est l'histoire de la demeure La Templerie \u00e0 La Fl\u00e8che ?<\/p>\r\n            \r\n            <div itemscope itemprop=\"acceptedAnswer\" itemscope itemtype=\"https:\/\/schema.org\/Answer\">\r\n                <div itemprop=\"text\" class=\"aeo-history-summary\">\r\n                    <ul class=\"expert-box-list\">\r\n                        <li><strong>Origines :<\/strong> Une gentilhommi\u00e8re d'exception datant du XVIIIe si\u00e8cle, t\u00e9moin de l'\u00e9l\u00e9gance architecturale fran\u00e7aise sous l'Ancien R\u00e9gime.<\/li>\r\n                        <li><strong>Architecture :<\/strong> Caract\u00e9ris\u00e9e par son toit \u00e0 la Mansart, la demeure a \u00e9t\u00e9 enti\u00e8rement restaur\u00e9e en 2022 pour pr\u00e9server son authenticit\u00e9 tout en offrant un confort moderne.<\/li>\r\n                        <li><strong>Emplacement :<\/strong> Situ\u00e9e dans le quartier historique de La Fl\u00e8che, elle est intimement li\u00e9e au pass\u00e9 prestigieux de la ville et de son Prytan\u00e9e Royal.<\/li>\r\n                        <li><strong>Renaissance :<\/strong> Aujourd'hui transform\u00e9e en chambres d'h\u00f4tes de luxe, elle offre aux voyageurs une immersion unique dans l'histoire sarthoise.<\/li>\r\n                        \r\n                        <li class=\"expert-box-tip no-bullet\">\r\n                            <span class=\"emoji\">\u2728<\/span>\r\n                            <span><strong>L'anecdote historique :<\/strong> En s\u00e9journant \u00e0 La Templerie en 2026, vous marchez sur les traces des si\u00e8cles pass\u00e9s, au sein d'un ancien h\u00f4tel particulier fl\u00e9chois charg\u00e9 de r\u00e9cits.<\/span>\r\n                        <\/li>\r\n                    <\/ul>\r\n                <\/div>\r\n            <\/div>\r\n        <\/div>\r\n    <\/div>\r\n<\/div>\t\t\t\t<\/div>\n\t\t\t\t<\/div>\n\t\t\t\t\t<\/div>\n\t\t<\/div>\n\t\t\t\t\t<\/div>\n\t\t<\/section>\n\t\t\t\t<section class=\"elementor-section elementor-top-section elementor-element elementor-element-133a738 elementor-section-boxed elementor-section-height-default elementor-section-height-default\" data-id=\"133a738\" data-element_type=\"section\" data-e-type=\"section\">\n\t\t\t\t\t\t<div class=\"elementor-container elementor-column-gap-default\">\n\t\t\t\t\t<div class=\"elementor-column elementor-col-50 elementor-top-column elementor-element elementor-element-e365483\" data-id=\"e365483\" data-element_type=\"column\" data-e-type=\"column\">\n\t\t\t<div class=\"elementor-widget-wrap elementor-element-populated\">\n\t\t\t\t\t\t<div class=\"elementor-element elementor-element-c8a37ff elementor-widget elementor-widget-heading\" data-id=\"c8a37ff\" data-element_type=\"widget\" data-e-type=\"widget\" data-widget_type=\"heading.default\">\n\t\t\t\t<div class=\"elementor-widget-container\">\n\t\t\t\t\t<h2 class=\"elementor-heading-title elementor-size-default\">La Templerie : une demeure historique \n<\/h2>\t\t\t\t<\/div>\n\t\t\t\t<\/div>\n\t\t\t\t<div class=\"elementor-element elementor-element-7e6e4b5 elementor-widget__width-initial elementor-widget elementor-widget-text-editor\" data-id=\"7e6e4b5\" data-element_type=\"widget\" data-e-type=\"widget\" data-widget_type=\"text-editor.default\">\n\t\t\t\t<div class=\"elementor-widget-container\">\n\t\t\t\t\t\t\t\t\t<p>A l\u2019extr\u00e9mit\u00e9 du \u00ab vieux faubourg des Bans \u00bb, en bordure du \u00ab grand chemin mansays \u00bb, existait d\u00e8s le XII\u00e8me si\u00e8cle une ferme appartenant \u00e0 l\u2019ordre mi-religieux, mi-militaire des <strong>Chevaliers du Temple.<\/strong><\/p><p><strong>Guillaume Fouquet de la Varenne<\/strong> (1560 -1616) acheta la Templerie ainsi que toutes les terres environnantes lorsqu\u2019il s\u2019\u00e9tablit \u00e0 La Fl\u00e8che au d\u00e9but du XVII\u00e8me.<\/p><p>Une centaine d\u2019ann\u00e9es plus tard, au num\u00e9ro 41 de la rue de la Tour d\u2019Auvergne, entre les b\u00e2timents de cette ferme templi\u00e8re et les jardins du couvent des Capucins, <strong>Charles le Noir des Ormeaux<\/strong> (1621-1701), conseiller au Pr\u00e9sidial ou plus vraisemblablement son fils ain\u00e9 Pierre, <strong>Sieur de la Cocheti\u00e8re<\/strong> (1654-1724), \u00e9galement conseiller au Pr\u00e9sidial, issu d\u2019une vieille famille fl\u00e9choise, fit \u00e9difier l\u2019h\u00f4tel actuel.<\/p><p>La puret\u00e9 des lignes d\u00e9nonce les lourdeurs du style Louis XIII, la pierre de taille a d\u00e9tr\u00f4n\u00e9 la brique. Les grands ch\u00e2ssis des fen\u00eatres \u00e0 petits carreaux font entrer partout la lumi\u00e8re. Le fronton sur la rue \u00e9voque la Gr\u00e8ce antique. Les toits mansard\u00e9s \u00e0 pans bris\u00e9s ont remplac\u00e9 les hautes toitures pentues. L\u2019absence de saillies, de motifs d\u00e9coratifs surcharg\u00e9s, l\u2019harmonie des proportions, la sym\u00e9trie, la gr\u00e2ce et l\u2019\u00e9l\u00e9gance, le gout de l\u2019ordonnance cr\u00e9ent par leur simplicit\u00e9 un exemple parfait du classicisme fran\u00e7ais de la premi\u00e8re moiti\u00e9 du XVIII\u00e8me. <br \/>On ignore le nom de l\u2019architecte mais cette \u0153uvre pourrait \u00eatre sign\u00e9e <strong>Ange-Jacques Gabriel<\/strong> (1698-1782) ou <strong>Jules Hardouin- Mansart<\/strong> (1646-1708) et l\u2019on sait qu\u2019elle fut achev\u00e9e avant 1715.<\/p><p>En m\u00eame temps furent am\u00e9nag\u00e9es une belle cour carr\u00e9e pour les \u00e9quipages et un grand parc \u00e0 la fran\u00e7aise avant qu\u2019une aile en \u00e9querre ne soit ajout\u00e9e sur la rue au XIX\u00e8me.<\/p><p>Les pi\u00e8ces de r\u00e9ception se trouvaient jadis au premier \u00e9tage, dit \u00ab le bel \u00e9tage \u00bb. On y acc\u00e9dait avant 1936 par un escalier \u00e0 tuffeau \u00e0 vol\u00e9es droites et palier, qui occupait l\u2019actuelle \u201csalle des petits d\u00e9jeuners\u201d (l\u2019ancien vestibule).<\/p><p><strong>Les Choiseul-Praslin<\/strong> qui, en 1787, avaient fait \u00e9riger en marquisat leurs terres de la Varenne, \u00e9taient les h\u00e9ritiers des <strong>Champagne<\/strong>, 29\u00e8me et 30\u00e8me seigneurs de La Fl\u00e8che, eux-m\u00eames h\u00e9ritiers par alliance des <strong>La Varenne<\/strong>, le dernier de ceux-ci \u00e9tant mort sans post\u00e9rit\u00e9 (1714).<\/p><p>A la r\u00e9volution, les seigneurs de Choiseul, ducs de Praslin, seigneurs par engagement de la baronnie de La Fl\u00e8che et propri\u00e9taires de l\u2019ancien marquisat de La Varenne, ne pouvant occuper ni le <strong>Ch\u00e2teau des Carmes<\/strong>, vendu comme bien national, ni celui de la Varenne pill\u00e9 par les r\u00e9volutionnaires, achet\u00e8rent <strong>La Templerie<\/strong>, qui prit le nom d\u2019<strong>H\u00f4tel de Choiseul<\/strong>. Une de leur petite filles, Isabelle de Polignac, \u00e9pousa le comte de Bagneux, qui devint ainsi propri\u00e9taire de la baronnie royale \u00ab engag\u00e9e \u00bb par <strong>Henri IV \u00e0 Guillaume Fouquet de la Varenne<\/strong>.<\/p><p>Ceci explique pourquoi, jusqu\u2019\u00e0 la vente de La Templerie en 2020, l\u2019h\u00f4tel renfermait le fameux tableau, attribu\u00e9 \u00e0 <strong>Fran\u00e7ois Pourbus<\/strong> (1569-1622), repr\u00e9sentant <strong>Guillaume Fouquet de la Varenne<\/strong> aux pieds d\u2019<strong>Henri IV<\/strong> (1553-1610) et des siens.<\/p><p>Depuis <strong>Guillaume Fouquet de la Varenne<\/strong> et jusqu\u2019au d\u00e9c\u00e8s d\u2019<strong>Alain d\u2019Acher de Montgascon<\/strong> en 2014, La Templerie est rest\u00e9e dans la m\u00eame famille, \u00e0 travers les de Champagne, de Choiseul-Praslin, de Polignac et les de Bagneux.<\/p><p>En 2020, passionn\u00e9s par l\u2019histoire et le patrimoine, amoureux des b\u00e2timents anciens, nous nous sommes lanc\u00e9s dans d\u2019importants travaux de restauration n\u00e9cessaires \u00e0 la sauvegarde de cette belle demeure.<\/p><p>La Templerie, sa lumi\u00e8re et sa noblesse retrouv\u00e9es, tourne une nouvelle page de son histoire.<\/p><p><strong>Aujourd\u2019hui, elle ouvre ses portes \u00e0 ses h\u00f4tes pour leur permettre de passer un agr\u00e9able s\u00e9jour fl\u00e9chois\u2026<\/strong><\/p><p><em>Source : Pierre Schilte, Le ch\u00e2teau des Fouquet de la Varenne \u00e0 La Fl\u00e8che au xviie si\u00e8cle, Le Mans, Imprimerie Martin, 1987-1988.<\/em><\/p>\t\t\t\t\t\t\t\t<\/div>\n\t\t\t\t<\/div>\n\t\t\t\t\t<\/div>\n\t\t<\/div>\n\t\t\t\t<div class=\"elementor-column elementor-col-50 elementor-top-column elementor-element elementor-element-431185e\" data-id=\"431185e\" data-element_type=\"column\" data-e-type=\"column\">\n\t\t\t<div class=\"elementor-widget-wrap elementor-element-populated\">\n\t\t\t\t\t\t<div class=\"elementor-element elementor-element-3ead31f elementor-widget elementor-widget-image\" data-id=\"3ead31f\" data-element_type=\"widget\" data-e-type=\"widget\" data-widget_type=\"image.default\">\n\t\t\t\t<div class=\"elementor-widget-container\">\n\t\t\t\t\t\t\t\t\t\t\t\t<figure class=\"wp-caption\">\n\t\t\t\t\t\t\t\t\t\t\t<a href=\"https:\/\/www.latemplerie-chambre-hote-la-fleche.fr\/wp-content\/uploads\/la-templerie-histoire\/guillaume_fouquet_de_la_varenne.jpg\" data-elementor-open-lightbox=\"yes\" data-elementor-lightbox-title=\"Guillaume Fouquet de La Varenne\" data-e-action-hash=\"#elementor-action%3Aaction%3Dlightbox%26settings%3DeyJpZCI6OTgyOCwidXJsIjoiaHR0cHM6XC9cL3d3dy5sYXRlbXBsZXJpZS1jaGFtYnJlLWhvdGUtbGEtZmxlY2hlLmZyXC93cC1jb250ZW50XC91cGxvYWRzXC9sYS10ZW1wbGVyaWUtaGlzdG9pcmVcL2d1aWxsYXVtZV9mb3VxdWV0X2RlX2xhX3ZhcmVubmUuanBnIn0%3D\">\n\t\t\t\t\t\t\t<img fetchpriority=\"high\" decoding=\"async\" width=\"700\" height=\"963\" src=\"https:\/\/www.latemplerie-chambre-hote-la-fleche.fr\/wp-content\/uploads\/la-templerie-histoire\/guillaume_fouquet_de_la_varenne.jpg\" class=\"attachment-large size-large wp-image-9828\" alt=\"Guillaume Fouquet de La Varenne\" srcset=\"https:\/\/www.latemplerie-chambre-hote-la-fleche.fr\/wp-content\/uploads\/la-templerie-histoire\/guillaume_fouquet_de_la_varenne.jpg 700w, https:\/\/www.latemplerie-chambre-hote-la-fleche.fr\/wp-content\/uploads\/la-templerie-histoire\/guillaume_fouquet_de_la_varenne-218x300.jpg 218w\" sizes=\"(max-width: 700px) 100vw, 700px\" \/>\t\t\t\t\t\t\t\t<\/a>\n\t\t\t\t\t\t\t\t\t\t\t<figcaption class=\"widget-image-caption wp-caption-text\">Guillaume Fouquet de La Varenne<\/figcaption>\n\t\t\t\t\t\t\t\t\t\t<\/figure>\n\t\t\t\t\t\t\t\t\t<\/div>\n\t\t\t\t<\/div>\n\t\t\t\t<div class=\"elementor-element elementor-element-6d77eea elementor-widget elementor-widget-image\" data-id=\"6d77eea\" data-element_type=\"widget\" data-e-type=\"widget\" data-widget_type=\"image.default\">\n\t\t\t\t<div class=\"elementor-widget-container\">\n\t\t\t\t\t\t\t\t\t\t\t\t<figure class=\"wp-caption\">\n\t\t\t\t\t\t\t\t\t\t\t<a href=\"https:\/\/www.latemplerie-chambre-hote-la-fleche.fr\/wp-content\/uploads\/la-templerie-histoire\/henri-iv-et-la-reine-marie-de-medicis-guillaume-fouquet-de-la-varenne.jpg\" data-elementor-open-lightbox=\"yes\" data-elementor-lightbox-title=\"Henri IV et la reine Marie de M\u00e9dicis devant leurs enfants avec le marquis Guillaume Fouquet de La Varenne, toile,\" data-e-action-hash=\"#elementor-action%3Aaction%3Dlightbox%26settings%3DeyJpZCI6OTg0NCwidXJsIjoiaHR0cHM6XC9cL3d3dy5sYXRlbXBsZXJpZS1jaGFtYnJlLWhvdGUtbGEtZmxlY2hlLmZyXC93cC1jb250ZW50XC91cGxvYWRzXC9sYS10ZW1wbGVyaWUtaGlzdG9pcmVcL2hlbnJpLWl2LWV0LWxhLXJlaW5lLW1hcmllLWRlLW1lZGljaXMtZ3VpbGxhdW1lLWZvdXF1ZXQtZGUtbGEtdmFyZW5uZS5qcGcifQ%3D%3D\">\n\t\t\t\t\t\t\t<img decoding=\"async\" width=\"744\" height=\"1024\" src=\"https:\/\/www.latemplerie-chambre-hote-la-fleche.fr\/wp-content\/uploads\/la-templerie-histoire\/henri-iv-et-la-reine-marie-de-medicis-guillaume-fouquet-de-la-varenne-744x1024.jpg\" class=\"attachment-large size-large wp-image-9844\" alt=\"Henri IV et la reine Marie de M\u00e9dicis devant leurs enfants avec le marquis Guillaume Fouquet de La Varenne, toile,\" srcset=\"https:\/\/www.latemplerie-chambre-hote-la-fleche.fr\/wp-content\/uploads\/la-templerie-histoire\/henri-iv-et-la-reine-marie-de-medicis-guillaume-fouquet-de-la-varenne-744x1024.jpg 744w, https:\/\/www.latemplerie-chambre-hote-la-fleche.fr\/wp-content\/uploads\/la-templerie-histoire\/henri-iv-et-la-reine-marie-de-medicis-guillaume-fouquet-de-la-varenne-218x300.jpg 218w, https:\/\/www.latemplerie-chambre-hote-la-fleche.fr\/wp-content\/uploads\/la-templerie-histoire\/henri-iv-et-la-reine-marie-de-medicis-guillaume-fouquet-de-la-varenne-768x1057.jpg 768w, https:\/\/www.latemplerie-chambre-hote-la-fleche.fr\/wp-content\/uploads\/la-templerie-histoire\/henri-iv-et-la-reine-marie-de-medicis-guillaume-fouquet-de-la-varenne-1116x1536.jpg 1116w, https:\/\/www.latemplerie-chambre-hote-la-fleche.fr\/wp-content\/uploads\/la-templerie-histoire\/henri-iv-et-la-reine-marie-de-medicis-guillaume-fouquet-de-la-varenne.jpg 1162w\" sizes=\"(max-width: 744px) 100vw, 744px\" \/>\t\t\t\t\t\t\t\t<\/a>\n\t\t\t\t\t\t\t\t\t\t\t<figcaption class=\"widget-image-caption wp-caption-text\">Henri IV et la reine Marie de M\u00e9dicis devant leurs enfants avec le marquis Guillaume Fouquet de La Varenne, toile<br \/> \u00c9cole fran\u00e7aise du d\u00e9but du XVIIe si\u00e8cle, entourage de Jacob Bunel<\/figcaption>\n\t\t\t\t\t\t\t\t\t\t<\/figure>\n\t\t\t\t\t\t\t\t\t<\/div>\n\t\t\t\t<\/div>\n\t\t\t\t\t<\/div>\n\t\t<\/div>\n\t\t\t\t\t<\/div>\n\t\t<\/section>\n\t\t\t\t<section class=\"elementor-section elementor-top-section elementor-element elementor-element-d523a23 elementor-section-boxed elementor-section-height-default elementor-section-height-default\" data-id=\"d523a23\" data-element_type=\"section\" data-e-type=\"section\">\n\t\t\t\t\t\t<div class=\"elementor-container elementor-column-gap-default\">\n\t\t\t\t\t<div class=\"elementor-column elementor-col-50 elementor-top-column elementor-element elementor-element-093aa32\" data-id=\"093aa32\" data-element_type=\"column\" data-e-type=\"column\">\n\t\t\t<div class=\"elementor-widget-wrap elementor-element-populated\">\n\t\t\t\t\t\t<div class=\"elementor-element elementor-element-f2a1dfd elementor-widget elementor-widget-image\" data-id=\"f2a1dfd\" data-element_type=\"widget\" data-e-type=\"widget\" data-widget_type=\"image.default\">\n\t\t\t\t<div class=\"elementor-widget-container\">\n\t\t\t\t\t\t\t\t\t\t\t\t\t\t\t\t<a href=\"https:\/\/www.latemplerie-chambre-hote-la-fleche.fr\/wp-content\/uploads\/la-templerie-histoire\/la-templerie-aquarelle-01.jpg\" data-elementor-open-lightbox=\"yes\" data-elementor-lightbox-title=\"La Templerie - Chambres d&#039;h\u00f4tes d&#039;exception, S\u00e9minaires &amp; R\u00e9ceptions \u00e0 la Fl\u00e8che\" data-e-action-hash=\"#elementor-action%3Aaction%3Dlightbox%26settings%3DeyJpZCI6OTg5NCwidXJsIjoiaHR0cHM6XC9cL3d3dy5sYXRlbXBsZXJpZS1jaGFtYnJlLWhvdGUtbGEtZmxlY2hlLmZyXC93cC1jb250ZW50XC91cGxvYWRzXC9sYS10ZW1wbGVyaWUtaGlzdG9pcmVcL2xhLXRlbXBsZXJpZS1hcXVhcmVsbGUtMDEuanBnIn0%3D\">\n\t\t\t\t\t\t\t<img decoding=\"async\" width=\"800\" height=\"691\" src=\"https:\/\/www.latemplerie-chambre-hote-la-fleche.fr\/wp-content\/uploads\/la-templerie-histoire\/la-templerie-aquarelle-01-1024x884.jpg\" class=\"attachment-large size-large wp-image-9894\" alt=\"La Templerie - Chambres d&#039;h\u00f4tes d&#039;exception, S\u00e9minaires &amp; R\u00e9ceptions \u00e0 la Fl\u00e8che\" srcset=\"https:\/\/www.latemplerie-chambre-hote-la-fleche.fr\/wp-content\/uploads\/la-templerie-histoire\/la-templerie-aquarelle-01-1024x884.jpg 1024w, https:\/\/www.latemplerie-chambre-hote-la-fleche.fr\/wp-content\/uploads\/la-templerie-histoire\/la-templerie-aquarelle-01-300x259.jpg 300w, https:\/\/www.latemplerie-chambre-hote-la-fleche.fr\/wp-content\/uploads\/la-templerie-histoire\/la-templerie-aquarelle-01-768x663.jpg 768w, https:\/\/www.latemplerie-chambre-hote-la-fleche.fr\/wp-content\/uploads\/la-templerie-histoire\/la-templerie-aquarelle-01-1536x1326.jpg 1536w, https:\/\/www.latemplerie-chambre-hote-la-fleche.fr\/wp-content\/uploads\/la-templerie-histoire\/la-templerie-aquarelle-01.jpg 2000w\" sizes=\"(max-width: 800px) 100vw, 800px\" \/>\t\t\t\t\t\t\t\t<\/a>\n\t\t\t\t\t\t\t\t\t\t\t\t\t\t\t<\/div>\n\t\t\t\t<\/div>\n\t\t\t\t\t<\/div>\n\t\t<\/div>\n\t\t\t\t<div class=\"elementor-column elementor-col-50 elementor-top-column elementor-element elementor-element-785e694\" data-id=\"785e694\" data-element_type=\"column\" data-e-type=\"column\">\n\t\t\t<div class=\"elementor-widget-wrap elementor-element-populated\">\n\t\t\t\t\t\t<div class=\"elementor-element elementor-element-5172c22 elementor-widget elementor-widget-image\" data-id=\"5172c22\" data-element_type=\"widget\" data-e-type=\"widget\" data-widget_type=\"image.default\">\n\t\t\t\t<div class=\"elementor-widget-container\">\n\t\t\t\t\t\t\t\t\t\t\t\t\t\t\t\t<a href=\"https:\/\/www.latemplerie-chambre-hote-la-fleche.fr\/wp-content\/uploads\/la-templerie-histoire\/plan-la-fleche-17e-18e-la-templerie.jpg\" data-elementor-open-lightbox=\"yes\" data-elementor-lightbox-title=\"Plan de la Fl\u00e8che - 17e et 18e si\u00e8cles\" data-e-action-hash=\"#elementor-action%3Aaction%3Dlightbox%26settings%3DeyJpZCI6OTg5MSwidXJsIjoiaHR0cHM6XC9cL3d3dy5sYXRlbXBsZXJpZS1jaGFtYnJlLWhvdGUtbGEtZmxlY2hlLmZyXC93cC1jb250ZW50XC91cGxvYWRzXC9sYS10ZW1wbGVyaWUtaGlzdG9pcmVcL3BsYW4tbGEtZmxlY2hlLTE3ZS0xOGUtbGEtdGVtcGxlcmllLmpwZyJ9\">\n\t\t\t\t\t\t\t<img loading=\"lazy\" decoding=\"async\" width=\"800\" height=\"691\" src=\"https:\/\/www.latemplerie-chambre-hote-la-fleche.fr\/wp-content\/uploads\/la-templerie-histoire\/plan-la-fleche-17e-18e-la-templerie-1024x884.jpg\" class=\"attachment-large size-large wp-image-9891\" alt=\"Plan de la Fl\u00e8che - 17e et 18e si\u00e8cles\" srcset=\"https:\/\/www.latemplerie-chambre-hote-la-fleche.fr\/wp-content\/uploads\/la-templerie-histoire\/plan-la-fleche-17e-18e-la-templerie-1024x884.jpg 1024w, https:\/\/www.latemplerie-chambre-hote-la-fleche.fr\/wp-content\/uploads\/la-templerie-histoire\/plan-la-fleche-17e-18e-la-templerie-300x259.jpg 300w, https:\/\/www.latemplerie-chambre-hote-la-fleche.fr\/wp-content\/uploads\/la-templerie-histoire\/plan-la-fleche-17e-18e-la-templerie-768x663.jpg 768w, https:\/\/www.latemplerie-chambre-hote-la-fleche.fr\/wp-content\/uploads\/la-templerie-histoire\/plan-la-fleche-17e-18e-la-templerie-1536x1326.jpg 1536w, https:\/\/www.latemplerie-chambre-hote-la-fleche.fr\/wp-content\/uploads\/la-templerie-histoire\/plan-la-fleche-17e-18e-la-templerie.jpg 2000w\" sizes=\"(max-width: 800px) 100vw, 800px\" \/>\t\t\t\t\t\t\t\t<\/a>\n\t\t\t\t\t\t\t\t\t\t\t\t\t\t\t<\/div>\n\t\t\t\t<\/div>\n\t\t\t\t\t<\/div>\n\t\t<\/div>\n\t\t\t\t\t<\/div>\n\t\t<\/section>\n\t\t\t\t<\/div>\n\t\t","protected":false},"excerpt":{"rendered":"<p>Histoire Un patrimoine vivant au c\u0153ur de La Fl\u00e8che Quelle est l&rsquo;histoire de la demeure La Templerie \u00e0 La Fl\u00e8che ? Origines : Une gentilhommi\u00e8re d&rsquo;exception datant du XVIIIe si\u00e8cle, t\u00e9moin de l&rsquo;\u00e9l\u00e9gance architecturale fran\u00e7aise sous l&rsquo;Ancien R\u00e9gime. Architecture : Caract\u00e9ris\u00e9e par son toit \u00e0 la Mansart, la demeure a \u00e9t\u00e9 enti\u00e8rement restaur\u00e9e en 2022 [&hellip;]<\/p>\n","protected":false},"author":1,"featured_media":9865,"parent":0,"menu_order":0,"comment_status":"closed","ping_status":"closed","template":"","meta":{"_acf_changed":false,"footnotes":""},"class_list":["post-7149","page","type-page","status-publish","has-post-thumbnail","hentry"],"acf":[],"_links":{"self":[{"href":"https:\/\/www.latemplerie-chambre-hote-la-fleche.fr\/fr\/wp-json\/wp\/v2\/pages\/7149","targetHints":{"allow":["GET"]}}],"collection":[{"href":"https:\/\/www.latemplerie-chambre-hote-la-fleche.fr\/fr\/wp-json\/wp\/v2\/pages"}],"about":[{"href":"https:\/\/www.latemplerie-chambre-hote-la-fleche.fr\/fr\/wp-json\/wp\/v2\/types\/page"}],"author":[{"embeddable":true,"href":"https:\/\/www.latemplerie-chambre-hote-la-fleche.fr\/fr\/wp-json\/wp\/v2\/users\/1"}],"replies":[{"embeddable":true,"href":"https:\/\/www.latemplerie-chambre-hote-la-fleche.fr\/fr\/wp-json\/wp\/v2\/comments?post=7149"}],"version-history":[{"count":12,"href":"https:\/\/www.latemplerie-chambre-hote-la-fleche.fr\/fr\/wp-json\/wp\/v2\/pages\/7149\/revisions"}],"predecessor-version":[{"id":13438,"href":"https:\/\/www.latemplerie-chambre-hote-la-fleche.fr\/fr\/wp-json\/wp\/v2\/pages\/7149\/revisions\/13438"}],"wp:featuredmedia":[{"embeddable":true,"href":"https:\/\/www.latemplerie-chambre-hote-la-fleche.fr\/fr\/wp-json\/wp\/v2\/media\/9865"}],"wp:attachment":[{"href":"https:\/\/www.latemplerie-chambre-hote-la-fleche.fr\/fr\/wp-json\/wp\/v2\/media?parent=7149"}],"curies":[{"name":"wp","href":"https:\/\/api.w.org\/{rel}","templated":true}]}}